{"id":259,"date":"2023-07-05T20:07:41","date_gmt":"2023-07-05T18:07:41","guid":{"rendered":"https:\/\/sens1994.com\/servicios\/"},"modified":"2023-08-02T22:41:16","modified_gmt":"2023-08-02T20:41:16","slug":"servicios","status":"publish","type":"page","link":"https:\/\/sens1994.com\/es\/servicios\/","title":{"rendered":"Servicios"},"content":{"rendered":"<section class=\"wpb-content-wrapper\"><!DOCTYPE html PUBLIC \"-\/\/W3C\/\/DTD HTML 4.0 Transitional\/\/EN\" \"http:\/\/www.w3.org\/TR\/REC-html40\/loose.dtd\">\n<html><body><p>[vc_section el_class=&raquo;mt-4&Prime;][vc_row][vc_column][vc_column_text]Servicios empresariales Neus S&aacute;nchez, desde 1994, ofreciendo un servicio empresarial completo, con profesionalidad, confianza y seguridad por su empresa. La proximidad y el rigor son la nuestro fortaleza.[\/vc_column_text][\/vc_column][\/vc_row][vc_row][vc_column width=&raquo;1\/2&Prime;][vc_row_inner content_placement=&raquo;middle&raquo;][vc_column_inner width=&raquo;1\/4&Prime; offset=&raquo;vc_col-xs-3&Prime;][vc_single_image image=&raquo;316&Prime; img_size=&raquo;full&raquo; alignment=&raquo;center&raquo; onclick=&raquo;custom_link&raquo; link=&raquo;https:\/\/sens1994.com\/es\/servicios\/fiscal\/&raquo; el_class=&raquo;mb-0&Prime;][\/vc_column_inner][vc_column_inner el_class=&raquo;d-flex flex-column content-align-v-center&raquo; width=&raquo;3\/4&Prime; css=&raquo;.vc_custom_1688069122115{padding-left: 0px !important;}&raquo; offset=&raquo;vc_col-xs-9&Prime;][vc_column_text el_class=&raquo;mb-0&Prime;]<\/p>\n<h3><a href=\"https:\/\/sens1994.com\/es\/servicios\/fiscal\/\">Fiscal<\/a><\/h3>\n<p>[\/vc_column_text][\/vc_column_inner][\/vc_row_inner][vc_row_inner][vc_column_inner width=&raquo;1\/4&Prime; offset=&raquo;vc_col-xs-3&Prime;][\/vc_column_inner][vc_column_inner width=&raquo;3\/4&Prime; css=&raquo;.vc_custom_1688069148819{padding-left: 0px !important;}&raquo; offset=&raquo;vc_col-xs-9&Prime;][vc_column_text]<a href=\"https:\/\/sens1994.com\/es\/servicios\/fiscal\/\">Servicios empresariales Neus S&aacute;nchez queremos conocer a nuestros clientes para poder darles el servicio personalizado que mejor se adapte a sus necesidades. Por eso nos encargaremos de su empresa en todo momento.<\/a>[\/vc_column_text][\/vc_column_inner][\/vc_row_inner][\/vc_column][vc_column width=&raquo;1\/2&Prime;][vc_row_inner][vc_column_inner width=&raquo;1\/4&Prime; offset=&raquo;vc_col-xs-3&Prime;][vc_single_image image=&raquo;324&Prime; img_size=&raquo;full&raquo; alignment=&raquo;center&raquo; onclick=&raquo;custom_link&raquo; link=&raquo;https:\/\/sens1994.com\/es\/servicios\/seguros\/&raquo; el_class=&raquo;mb-0&Prime;][\/vc_column_inner][vc_column_inner el_class=&raquo;d-flex flex-column content-align-v-center&raquo; width=&raquo;3\/4&Prime; css=&raquo;.vc_custom_1688069229611{padding-left: 0px !important;}&raquo; offset=&raquo;vc_col-xs-9&Prime;][vc_column_text el_class=&raquo;mb-0&Prime;]<\/p>\n<h3><a href=\"https:\/\/sens1994.com\/es\/servicios\/seguros\/\">Seguros<\/a><\/h3>\n<p>[\/vc_column_text][\/vc_column_inner][\/vc_row_inner][vc_row_inner][vc_column_inner width=&raquo;1\/4&Prime; offset=&raquo;vc_col-xs-3&Prime;][\/vc_column_inner][vc_column_inner width=&raquo;3\/4&Prime; css=&raquo;.vc_custom_1688069249763{padding-left: 0px !important;}&raquo; offset=&raquo;vc_col-xs-9&Prime;][vc_column_text el_class=&raquo;mb-0&Prime;]<a href=\"https:\/\/sens1994.com\/es\/servicios\/seguros\/\">Ofrecemos los mejores seguros a nuestros clientes, adapt&aacute;ndonos a sus necesidades e ilusiones. Colaboramos con una gran compa&ntilde;&iacute;a, Agrupaci&oacute;n Mutua, para ofrecer el mejor servicio, con la m&aacute;xima seguridad.<\/a>[\/vc_column_text][\/vc_column_inner][\/vc_row_inner][\/vc_column][\/vc_row][vc_row][vc_column width=&raquo;1\/2&Prime;][vc_row_inner][vc_column_inner width=&raquo;1\/4&Prime; offset=&raquo;vc_col-xs-3&Prime;][vc_single_image image=&raquo;320&Prime; img_size=&raquo;full&raquo; alignment=&raquo;center&raquo; onclick=&raquo;custom_link&raquo; link=&raquo;https:\/\/sens1994.com\/es\/servicios\/laboral\/&raquo; el_class=&raquo;mb-0&Prime;][\/vc_column_inner][vc_column_inner el_class=&raquo;d-flex flex-column content-align-v-center&raquo; width=&raquo;3\/4&Prime; css=&raquo;.vc_custom_1688469468083{padding-left: 0px !important;}&raquo; offset=&raquo;vc_col-xs-9&Prime;][vc_column_text el_class=&raquo;mb-0&Prime;]<\/p>\n<h3><a href=\"https:\/\/sens1994.com\/es\/servicios\/laboral\/\">Laboral<\/a><\/h3>\n<p>[\/vc_column_text][\/vc_column_inner][\/vc_row_inner][vc_row_inner][vc_column_inner width=&raquo;1\/4&Prime; offset=&raquo;vc_col-xs-3&Prime;][\/vc_column_inner][vc_column_inner el_class=&raquo;d-flex flex-column content-align-v-center&raquo; width=&raquo;3\/4&Prime; css=&raquo;.vc_custom_1688069293117{padding-left: 0px !important;}&raquo; offset=&raquo;vc_col-xs-9&Prime;][vc_column_text]<a href=\"https:\/\/sens1994.com\/es\/servicios\/laboral\/\">Desde Servicios empresariales Neus S&aacute;nchez queremos que no se preocupe y que deje en nuestras manos todas sus preocupaciones. Nos comprometemos a conocer siempre las mejores actuaciones posibles ante las diferentes necesidades que le puedan surgir.<\/a>[\/vc_column_text][\/vc_column_inner][\/vc_row_inner][\/vc_column][vc_column width=&raquo;1\/2&Prime;][vc_row_inner][vc_column_inner width=&raquo;1\/4&Prime; offset=&raquo;vc_col-xs-3&Prime;][vc_single_image image=&raquo;322&Prime; img_size=&raquo;full&raquo; alignment=&raquo;center&raquo; onclick=&raquo;custom_link&raquo; link=&raquo;https:\/\/sens1994.com\/es\/servicios\/mercantil\/&raquo; el_class=&raquo;mb-0&Prime;][\/vc_column_inner][vc_column_inner el_class=&raquo;d-flex flex-column content-align-v-center&raquo; width=&raquo;3\/4&Prime; css=&raquo;.vc_custom_1688069310210{padding-left: 0px !important;}&raquo; offset=&raquo;vc_col-xs-9&Prime;][vc_column_text el_class=&raquo;mb-0&Prime;]<\/p>\n<h3><a href=\"https:\/\/sens1994.com\/es\/servicios\/mercantil\/\">Mercantil<\/a><\/h3>\n<p>[\/vc_column_text][\/vc_column_inner][\/vc_row_inner][vc_row_inner][vc_column_inner width=&raquo;1\/4&Prime; offset=&raquo;vc_col-xs-3&Prime;][\/vc_column_inner][vc_column_inner width=&raquo;3\/4&Prime; css=&raquo;.vc_custom_1688069326226{padding-left: 0px !important;}&raquo; offset=&raquo;vc_col-xs-9&Prime;][vc_column_text]<a href=\"https:\/\/sens1994.com\/es\/servicios\/mercantil\/\">Servicios empresariales Neus S&aacute;nchez, es la soluci&oacute;n para resolver sus dudas y acompa&ntilde;arlo con las necesidades que tenga.<\/a>[\/vc_column_text][\/vc_column_inner][\/vc_row_inner][\/vc_column][\/vc_row][vc_row][vc_column width=&raquo;1\/2&Prime;][vc_row_inner][vc_column_inner width=&raquo;1\/4&Prime; offset=&raquo;vc_col-xs-3&Prime;][vc_single_image image=&raquo;318&Prime; img_size=&raquo;full&raquo; alignment=&raquo;center&raquo; onclick=&raquo;custom_link&raquo; link=&raquo;https:\/\/sens1994.com\/es\/servicios\/herencias\/&raquo; el_class=&raquo;mb-0&Prime;][\/vc_column_inner][vc_column_inner el_class=&raquo;d-flex flex-column content-align-v-center&raquo; width=&raquo;3\/4&Prime; css=&raquo;.vc_custom_1688069346586{padding-left: 0px !important;}&raquo; offset=&raquo;vc_col-xs-9&Prime;][vc_column_text el_class=&raquo;mb-0&Prime;]<\/p>\n<h3><a href=\"https:\/\/sens1994.com\/es\/servicios\/herencias\/\">Herencias<\/a><\/h3>\n<p>[\/vc_column_text][\/vc_column_inner][\/vc_row_inner][vc_row_inner][vc_column_inner width=&raquo;1\/4&Prime; offset=&raquo;vc_col-xs-3&Prime;][\/vc_column_inner][vc_column_inner width=&raquo;3\/4&Prime; css=&raquo;.vc_custom_1688069361938{padding-left: 0px !important;}&raquo; offset=&raquo;vc_col-xs-9&Prime;][vc_column_text]<a href=\"https:\/\/sens1994.com\/es\/servicios\/herencias\/\">Experto en herencias, sucesiones y gesti&oacute;n de patrimonios, para que tenga toda la informaci&oacute;n necesaria en la hora de tramitar el testamento.<\/a>[\/vc_column_text][\/vc_column_inner][\/vc_row_inner][\/vc_column][vc_column width=&raquo;1\/2&Prime;][vc_row_inner][vc_column_inner width=&raquo;1\/4&Prime; offset=&raquo;vc_col-xs-3&Prime;][vc_single_image image=&raquo;326&Prime; img_size=&raquo;full&raquo; alignment=&raquo;center&raquo; onclick=&raquo;custom_link&raquo; link=&raquo;https:\/\/sens1994.com\/es\/servicios\/trafico\/&raquo; el_class=&raquo;mb-0&Prime;][\/vc_column_inner][vc_column_inner el_class=&raquo;d-flex flex-column content-align-v-center&raquo; width=&raquo;3\/4&Prime; css=&raquo;.vc_custom_1688069346586{padding-left: 0px !important;}&raquo; offset=&raquo;vc_col-xs-9&Prime;][vc_column_text el_class=&raquo;mb-0&Prime;]<\/p>\n<h3><a href=\"https:\/\/sens1994.com\/es\/servicios\/trafico\/\">Tr&aacute;fico<\/a><\/h3>\n<p>[\/vc_column_text][\/vc_column_inner][\/vc_row_inner][vc_row_inner][vc_column_inner width=&raquo;1\/4&Prime; offset=&raquo;vc_col-xs-3&Prime;][\/vc_column_inner][vc_column_inner width=&raquo;3\/4&Prime; css=&raquo;.vc_custom_1688069361938{padding-left: 0px !important;}&raquo; offset=&raquo;vc_col-xs-9&Prime;][vc_column_text]<a href=\"https:\/\/sens1994.com\/es\/servicios\/trafico\/\">Servicios empresariales Neus S&aacute;nchez, har&aacute; todos los tr&aacute;mites de tr&aacute;fico para su veh&iacute;culo con la m&aacute;xima rapidez y profesionalidad.<\/a>[\/vc_column_text][\/vc_column_inner][\/vc_row_inner][\/vc_column][\/vc_row][\/vc_section]<\/p>\n<\/body><\/html>\n<\/section>","protected":false},"excerpt":{"rendered":"[vc_section el_class=&raquo;mt-4&Prime;][vc_row][vc_column][vc_column_text]Servicios empresariales Neus S&aacute;nchez, desde 1994, ofreciendo un servicio empresarial completo, con profesionalidad, confianza y seguridad por su empresa. La proximidad y el rigor son la nuestro fortaleza.[\/vc_column_text][\/vc_column][\/vc_row][vc_row][vc_column width=&raquo;1\/2&Prime;][vc_row_inner content_placement=&raquo;middle&raquo;][vc_column_inner width=&raquo;1\/4&Prime; offset=&raquo;vc_col-xs-3&Prime;][vc_single_image image=&raquo;316&Prime; img_size=&raquo;full&raquo; alignment=&raquo;center&raquo; onclick=&raquo;custom_link&raquo; link=&raquo;https:\/\/sens1994.com\/es\/servicios\/fiscal\/&raquo; el_class=&raquo;mb-0&Prime;][\/vc_column_inner][vc_column_inner el_class=&raquo;d-flex flex-column content-align-v-center&raquo; width=&raquo;3\/4&Prime; css=&raquo;.vc_custom_1688069122115{padding-left: 0px !important;}&raquo; offset=&raquo;vc_col-xs-9&Prime;][vc_column_text el_class=&raquo;mb-0&Prime;] Fiscal [\/vc_column_text][\/vc_column_inner][\/vc_row_inner][vc_row_inner][vc_column_inner width=&raquo;1\/4&Prime; offset=&raquo;vc_col-xs-3&Prime;][\/vc_column_inner][vc_column_inner width=&raquo;3\/4&Prime; css=&raquo;.vc_custom_1688069148819{padding-left: 0px&#8230; <p><a class=\"view-article btn btn-secondary\" href=\"https:\/\/sens1994.com\/es\/servicios\/\" role=\"button\">Leer m\u00e1s <\/a><\/p>","protected":false},"author":1,"featured_media":0,"parent":0,"menu_order":0,"comment_status":"closed","ping_status":"closed","template":"","meta":{"inline_featured_image":false,"footnotes":""},"class_list":["post-259","page","type-page","status-publish","hentry"],"yoast_head":"<!-- This site is optimized with the Yoast SEO plugin v21.0 - https:\/\/yoast.com\/wordpress\/plugins\/seo\/ -->\n<title>Servicios empresariales Neus S\u00e1nchez - Sens 1994<\/title>\n<meta name=\"description\" content=\"Sens 1994 ofrecemos los servicios empresariales en el \u00e1mbito fiscal, laboral, mercantil, herencias, seguros y tr\u00e1fico.\" \/>\n<meta name=\"robots\" content=\"index, follow, max-snippet:-1, max-image-preview:large, max-video-preview:-1\" \/>\n<link rel=\"canonical\" href=\"https:\/\/sens1994.com\/es\/servicios\/\" \/>\n<meta property=\"og:locale\" content=\"es_ES\" \/>\n<meta property=\"og:type\" content=\"article\" \/>\n<meta property=\"og:title\" content=\"Servicios empresariales Neus S\u00e1nchez - Sens 1994\" \/>\n<meta property=\"og:description\" content=\"Sens 1994 ofrecemos los servicios empresariales en el \u00e1mbito fiscal, laboral, mercantil, herencias, seguros y tr\u00e1fico.\" \/>\n<meta property=\"og:url\" content=\"https:\/\/sens1994.com\/es\/servicios\/\" \/>\n<meta property=\"og:site_name\" content=\"Sens 1994\" \/>\n<meta property=\"article:modified_time\" content=\"2023-08-02T20:41:16+00:00\" \/>\n<meta name=\"twitter:card\" content=\"summary_large_image\" \/>\n<meta name=\"twitter:label1\" content=\"Tiempo de lectura\" \/>\n\t<meta name=\"twitter:data1\" content=\"2 minutos\" \/>\n<script type=\"application\/ld+json\" class=\"yoast-schema-graph\">{\"@context\":\"https:\/\/schema.org\",\"@graph\":[{\"@type\":\"WebPage\",\"@id\":\"https:\/\/sens1994.com\/es\/servicios\/\",\"url\":\"https:\/\/sens1994.com\/es\/servicios\/\",\"name\":\"Servicios empresariales Neus S\u00e1nchez - Sens 1994\",\"isPartOf\":{\"@id\":\"https:\/\/sens1994.com\/es\/#website\"},\"datePublished\":\"2023-07-05T18:07:41+00:00\",\"dateModified\":\"2023-08-02T20:41:16+00:00\",\"description\":\"Sens 1994 ofrecemos los servicios empresariales en el \u00e1mbito fiscal, laboral, mercantil, herencias, seguros y tr\u00e1fico.\",\"breadcrumb\":{\"@id\":\"https:\/\/sens1994.com\/es\/servicios\/#breadcrumb\"},\"inLanguage\":\"es\",\"potentialAction\":[{\"@type\":\"ReadAction\",\"target\":[\"https:\/\/sens1994.com\/es\/servicios\/\"]}]},{\"@type\":\"BreadcrumbList\",\"@id\":\"https:\/\/sens1994.com\/es\/servicios\/#breadcrumb\",\"itemListElement\":[{\"@type\":\"ListItem\",\"position\":1,\"name\":\"Inici\",\"item\":\"https:\/\/sens1994.com\/es\/\"},{\"@type\":\"ListItem\",\"position\":2,\"name\":\"Servicios\"}]},{\"@type\":\"WebSite\",\"@id\":\"https:\/\/sens1994.com\/es\/#website\",\"url\":\"https:\/\/sens1994.com\/es\/\",\"name\":\"Sens 1994\",\"description\":\"Serveis empresarials Neus S\u00e1nchez\",\"potentialAction\":[{\"@type\":\"SearchAction\",\"target\":{\"@type\":\"EntryPoint\",\"urlTemplate\":\"https:\/\/sens1994.com\/es\/?s={search_term_string}\"},\"query-input\":\"required name=search_term_string\"}],\"inLanguage\":\"es\"}]}<\/script>\n<!-- \/ Yoast SEO plugin. -->","yoast_head_json":{"title":"Servicios empresariales Neus S\u00e1nchez - Sens 1994","description":"Sens 1994 ofrecemos los servicios empresariales en el \u00e1mbito fiscal, laboral, mercantil, herencias, seguros y tr\u00e1fico.","robots":{"index":"index","follow":"follow","max-snippet":"max-snippet:-1","max-image-preview":"max-image-preview:large","max-video-preview":"max-video-preview:-1"},"canonical":"https:\/\/sens1994.com\/es\/servicios\/","og_locale":"es_ES","og_type":"article","og_title":"Servicios empresariales Neus S\u00e1nchez - Sens 1994","og_description":"Sens 1994 ofrecemos los servicios empresariales en el \u00e1mbito fiscal, laboral, mercantil, herencias, seguros y tr\u00e1fico.","og_url":"https:\/\/sens1994.com\/es\/servicios\/","og_site_name":"Sens 1994","article_modified_time":"2023-08-02T20:41:16+00:00","twitter_card":"summary_large_image","twitter_misc":{"Tiempo de lectura":"2 minutos"},"schema":{"@context":"https:\/\/schema.org","@graph":[{"@type":"WebPage","@id":"https:\/\/sens1994.com\/es\/servicios\/","url":"https:\/\/sens1994.com\/es\/servicios\/","name":"Servicios empresariales Neus S\u00e1nchez - Sens 1994","isPartOf":{"@id":"https:\/\/sens1994.com\/es\/#website"},"datePublished":"2023-07-05T18:07:41+00:00","dateModified":"2023-08-02T20:41:16+00:00","description":"Sens 1994 ofrecemos los servicios empresariales en el \u00e1mbito fiscal, laboral, mercantil, herencias, seguros y tr\u00e1fico.","breadcrumb":{"@id":"https:\/\/sens1994.com\/es\/servicios\/#breadcrumb"},"inLanguage":"es","potentialAction":[{"@type":"ReadAction","target":["https:\/\/sens1994.com\/es\/servicios\/"]}]},{"@type":"BreadcrumbList","@id":"https:\/\/sens1994.com\/es\/servicios\/#breadcrumb","itemListElement":[{"@type":"ListItem","position":1,"name":"Inici","item":"https:\/\/sens1994.com\/es\/"},{"@type":"ListItem","position":2,"name":"Servicios"}]},{"@type":"WebSite","@id":"https:\/\/sens1994.com\/es\/#website","url":"https:\/\/sens1994.com\/es\/","name":"Sens 1994","description":"Serveis empresarials Neus S\u00e1nchez","potentialAction":[{"@type":"SearchAction","target":{"@type":"EntryPoint","urlTemplate":"https:\/\/sens1994.com\/es\/?s={search_term_string}"},"query-input":"required name=search_term_string"}],"inLanguage":"es"}]}},"_links":{"self":[{"href":"https:\/\/sens1994.com\/es\/wp-json\/wp\/v2\/pages\/259","targetHints":{"allow":["GET"]}}],"collection":[{"href":"https:\/\/sens1994.com\/es\/wp-json\/wp\/v2\/pages"}],"about":[{"href":"https:\/\/sens1994.com\/es\/wp-json\/wp\/v2\/types\/page"}],"author":[{"embeddable":true,"href":"https:\/\/sens1994.com\/es\/wp-json\/wp\/v2\/users\/1"}],"replies":[{"embeddable":true,"href":"https:\/\/sens1994.com\/es\/wp-json\/wp\/v2\/comments?post=259"}],"version-history":[{"count":10,"href":"https:\/\/sens1994.com\/es\/wp-json\/wp\/v2\/pages\/259\/revisions"}],"predecessor-version":[{"id":330,"href":"https:\/\/sens1994.com\/es\/wp-json\/wp\/v2\/pages\/259\/revisions\/330"}],"wp:attachment":[{"href":"https:\/\/sens1994.com\/es\/wp-json\/wp\/v2\/media?parent=259"}],"curies":[{"name":"wp","href":"https:\/\/api.w.org\/{rel}","templated":true}]}}