{"id":283,"date":"2023-07-05T21:38:23","date_gmt":"2023-07-05T19:38:23","guid":{"rendered":"https:\/\/sens1994.com\/servicios\/laboral\/"},"modified":"2023-08-02T21:44:57","modified_gmt":"2023-08-02T19:44:57","slug":"laboral","status":"publish","type":"page","link":"https:\/\/sens1994.com\/es\/servicios\/laboral\/","title":{"rendered":"Laboral"},"content":{"rendered":"<section class=\"wpb-content-wrapper\"><!DOCTYPE html PUBLIC \"-\/\/W3C\/\/DTD HTML 4.0 Transitional\/\/EN\" \"http:\/\/www.w3.org\/TR\/REC-html40\/loose.dtd\">\n<html><body><p>[vc_section][vc_row][vc_column width=&raquo;2\/3&Prime;][vc_single_image image=&raquo;191&Prime; img_size=&raquo;full&raquo; alignment=&raquo;center&raquo; el_class=&raquo;mb-4&Prime;][vc_column_text]Ante la enorme complejidad en la legislaci&oacute;n laboral, desde Servicios empresariales Neus S&aacute;nchez queremos que no te preocupes y que dejes en nuestras manos todas tus preocupaciones. Nos comprometemos a conocer siempre las mejores actuaciones posibles ante diferentes necesidades que le puedan surgir.<\/p>\n<p><strong>Los servicios de nuestra asesor&iacute;a laboral comprenden:<\/strong><\/p>\n<ul>\n<li>Contrataci&oacute;n laboral.<\/li>\n<li>Recibos de salarios (n&oacute;minas).<\/li>\n<li>Liquidaci&oacute;n d&acute;Seguros Sociales (TC1 \/TC2).<\/li>\n<li>Declaraciones de l&acute;IRPF.<\/li>\n<li>Expedientes de Regulaci&oacute;n d&acute;Ocupaci&oacute;n.<\/li>\n<li>Expedientes de jubilaci&oacute;n, invalidez, etc.<\/li>\n<li>Escritos y comparecencias ante Inspecci&oacute;n de Trabajo.<\/li>\n<li>Tr&aacute;mites ante organismos oficiales (Tesorer&iacute;a S.S., INSS, INEM, etc.)<\/li>\n<\/ul>\n<p>[\/vc_column_text][\/vc_column][vc_column width=&raquo;1\/3&Prime;][vc_custom_heading text=&raquo;&iquest;Necesita nuestros servicios en temas de Legislaci&oacute;n Laboral?&raquo; font_container=&raquo;tag:h3|text_align:left&raquo; use_theme_fonts=&raquo;yes&raquo; el_class=&raquo;mb-4&Prime;]\n<div class=\"wpcf7 no-js\" id=\"wpcf7-f311-o1\" lang=\"es-ES\" dir=\"ltr\">\n<div class=\"screen-reader-response\"><p role=\"status\" aria-live=\"polite\" aria-atomic=\"true\"><\/p> <ul><\/ul><\/div>\n<form action=\"\/es\/wp-json\/wp\/v2\/pages\/283#wpcf7-f311-o1\" method=\"post\" class=\"wpcf7-form init\" aria-label=\"Formulario de contacto\" novalidate=\"novalidate\" data-status=\"init\">\n<div style=\"display: none;\">\n<input type=\"hidden\" name=\"_wpcf7\" value=\"311\" \/>\n<input type=\"hidden\" name=\"_wpcf7_version\" value=\"5.8\" \/>\n<input type=\"hidden\" name=\"_wpcf7_locale\" value=\"es_ES\" \/>\n<input type=\"hidden\" name=\"_wpcf7_unit_tag\" value=\"wpcf7-f311-o1\" \/>\n<input type=\"hidden\" name=\"_wpcf7_container_post\" value=\"0\" \/>\n<input type=\"hidden\" name=\"_wpcf7_posted_data_hash\" value=\"\" \/>\n<input type=\"hidden\" name=\"_wpcf7_recaptcha_response\" value=\"\" \/>\n<\/div>\n<div class=\"row\">\r\n    <div class=\"col-12\">\r\n        <span class=\"wpcf7-form-control-wrap\" data-name=\"contact-name\"><input size=\"40\" class=\"wpcf7-form-control wpcf7-text wpcf7-validates-as-required form-control\" autocomplete=\"name\" aria-required=\"true\" aria-invalid=\"false\" placeholder=\"Nombre\" value=\"\" type=\"text\" name=\"contact-name\" \/><\/span>\r\n    <\/div>\r\n    <div class=\"col-12\">\r\n        <span class=\"wpcf7-form-control-wrap\" data-name=\"contact-email\"><input size=\"40\" class=\"wpcf7-form-control wpcf7-email wpcf7-validates-as-required wpcf7-text wpcf7-validates-as-email form-control\" autocomplete=\"email\" aria-required=\"true\" aria-invalid=\"false\" placeholder=\"E-mail\" value=\"\" type=\"email\" name=\"contact-email\" \/><\/span>\r\n    <\/div>\r\n    <div class=\"col-12\">\r\n        <span class=\"wpcf7-form-control-wrap\" data-name=\"phone\"><input size=\"40\" class=\"wpcf7-form-control wpcf7-tel wpcf7-text wpcf7-validates-as-tel form-control\" autocomplete=\"phone\" aria-invalid=\"false\" placeholder=\"Tel\u00e9fono\" value=\"\" type=\"tel\" name=\"phone\" \/><\/span>\r\n    <\/div>\r\n    <div class=\"col-12\">\r\n        <span class=\"wpcf7-form-control-wrap\" data-name=\"message\"><textarea cols=\"40\" rows=\"10\" class=\"wpcf7-form-control wpcf7-textarea form-control\" aria-invalid=\"false\" placeholder=\"Mensaje\" name=\"message\"><\/textarea><\/span>\r\n    <\/div>\r\n    <div class=\"col-12 mb-3\">\r\n        <span class=\"wpcf7-form-control-wrap\" data-name=\"privacy-policy-acceptance\"><span class=\"wpcf7-form-control wpcf7-acceptance\"><span class=\"wpcf7-list-item\"><label><input type=\"checkbox\" name=\"privacy-policy-acceptance\" value=\"1\" aria-invalid=\"false\" \/><span class=\"wpcf7-list-item-label\">He le\u00eddo y acepto la  <a href=\"\/es\/politica-de-privacidad\/\" target=\"_blank\">pol\u00edtica de privacidad<\/a><\/span><\/label><\/span><\/span><\/span>\r\n    <\/div>\r\n    <div class=\"col-md-4\">\r\n        <input class=\"wpcf7-form-control wpcf7-submit has-spinner btn btn-primary\" type=\"submit\" value=\"Enviar\" \/>\r\n    <\/div>\r\n<\/div><div class=\"wpcf7-response-output\" aria-hidden=\"true\"><\/div>\n<\/form>\n<\/div>\n[vc_row_inner][vc_column_inner width=&raquo;1\/4&Prime;][vc_single_image image=&raquo;59&Prime; img_size=&raquo;full&raquo;][\/vc_column_inner][vc_column_inner width=&raquo;3\/4&Prime; css=&raquo;.vc_custom_1688587389016{padding-left: 0px !important;}&raquo;][vc_column_text]<a href=\"tel:+34937915280\">+34 937 915 280<\/a>[\/vc_column_text][\/vc_column_inner][\/vc_row_inner][vc_row_inner][vc_column_inner width=&raquo;1\/4&Prime;][vc_single_image image=&raquo;47&Prime; img_size=&raquo;full&raquo;][\/vc_column_inner][vc_column_inner width=&raquo;3\/4&Prime; css=&raquo;.vc_custom_1688587397525{padding-left: 0px !important;}&raquo;][vc_column_text]Lunes a jueves de 9-14 y 16-19<br>\nViernes de 9-14[\/vc_column_text][\/vc_column_inner][\/vc_row_inner][\/vc_column][\/vc_row][\/vc_section]<\/p>\n<\/body><\/html>\n<\/section>","protected":false},"excerpt":{"rendered":"[vc_section][vc_row][vc_column width=&raquo;2\/3&Prime;][vc_single_image image=&raquo;191&Prime; img_size=&raquo;full&raquo; alignment=&raquo;center&raquo; el_class=&raquo;mb-4&Prime;][vc_column_text]Ante la enorme complejidad en la legislaci&oacute;n laboral, desde Servicios empresariales Neus S&aacute;nchez queremos que no te preocupes y que dejes en nuestras manos todas tus preocupaciones. Nos comprometemos a conocer siempre las mejores actuaciones posibles ante diferentes necesidades que le puedan surgir. Los servicios de nuestra asesor&iacute;a laboral comprenden:&#8230; <p><a class=\"view-article btn btn-secondary\" href=\"https:\/\/sens1994.com\/es\/servicios\/laboral\/\" role=\"button\">Leer m\u00e1s <\/a><\/p>","protected":false},"author":1,"featured_media":192,"parent":259,"menu_order":0,"comment_status":"closed","ping_status":"closed","template":"","meta":{"inline_featured_image":false,"footnotes":""},"class_list":["post-283","page","type-page","status-publish","has-post-thumbnail","hentry"],"yoast_head":"<!-- This site is optimized with the Yoast SEO plugin v21.0 - https:\/\/yoast.com\/wordpress\/plugins\/seo\/ -->\n<title>Laboral | Sens 1994<\/title>\n<meta name=\"description\" content=\"En Sens 1994 nos ocupamos de resolver los tr\u00e1mites relacionados en t\u00e9rminos de legislaci\u00f3n laboral con las mejores actuaciones posibles.\" \/>\n<meta name=\"robots\" content=\"index, follow, max-snippet:-1, max-image-preview:large, max-video-preview:-1\" \/>\n<link rel=\"canonical\" href=\"https:\/\/sens1994.com\/es\/servicios\/laboral\/\" \/>\n<meta property=\"og:locale\" content=\"es_ES\" \/>\n<meta property=\"og:type\" content=\"article\" \/>\n<meta property=\"og:title\" content=\"Laboral | Sens 1994\" \/>\n<meta property=\"og:description\" content=\"En Sens 1994 nos ocupamos de resolver los tr\u00e1mites relacionados en t\u00e9rminos de legislaci\u00f3n laboral con las mejores actuaciones posibles.\" \/>\n<meta property=\"og:url\" content=\"https:\/\/sens1994.com\/es\/servicios\/laboral\/\" \/>\n<meta property=\"og:site_name\" content=\"Sens 1994\" \/>\n<meta property=\"article:modified_time\" content=\"2023-08-02T19:44:57+00:00\" \/>\n<meta property=\"og:image\" content=\"https:\/\/sens1994.com\/wp-content\/uploads\/2023\/07\/Laboral.jpg\" \/>\n\t<meta property=\"og:image:width\" content=\"900\" \/>\n\t<meta property=\"og:image:height\" content=\"800\" \/>\n\t<meta property=\"og:image:type\" content=\"image\/jpeg\" \/>\n<meta name=\"twitter:card\" content=\"summary_large_image\" \/>\n<meta name=\"twitter:label1\" content=\"Tiempo de lectura\" \/>\n\t<meta name=\"twitter:data1\" content=\"1 minuto\" \/>\n<script type=\"application\/ld+json\" class=\"yoast-schema-graph\">{\"@context\":\"https:\/\/schema.org\",\"@graph\":[{\"@type\":\"WebPage\",\"@id\":\"https:\/\/sens1994.com\/es\/servicios\/laboral\/\",\"url\":\"https:\/\/sens1994.com\/es\/servicios\/laboral\/\",\"name\":\"Laboral | Sens 1994\",\"isPartOf\":{\"@id\":\"https:\/\/sens1994.com\/es\/#website\"},\"datePublished\":\"2023-07-05T19:38:23+00:00\",\"dateModified\":\"2023-08-02T19:44:57+00:00\",\"description\":\"En Sens 1994 nos ocupamos de resolver los tr\u00e1mites relacionados en t\u00e9rminos de legislaci\u00f3n laboral con las mejores actuaciones posibles.\",\"breadcrumb\":{\"@id\":\"https:\/\/sens1994.com\/es\/servicios\/laboral\/#breadcrumb\"},\"inLanguage\":\"es\",\"potentialAction\":[{\"@type\":\"ReadAction\",\"target\":[\"https:\/\/sens1994.com\/es\/servicios\/laboral\/\"]}]},{\"@type\":\"BreadcrumbList\",\"@id\":\"https:\/\/sens1994.com\/es\/servicios\/laboral\/#breadcrumb\",\"itemListElement\":[{\"@type\":\"ListItem\",\"position\":1,\"name\":\"Inici\",\"item\":\"https:\/\/sens1994.com\/es\/\"},{\"@type\":\"ListItem\",\"position\":2,\"name\":\"Servicios\",\"item\":\"https:\/\/sens1994.com\/es\/servicios\/\"},{\"@type\":\"ListItem\",\"position\":3,\"name\":\"Laboral\"}]},{\"@type\":\"WebSite\",\"@id\":\"https:\/\/sens1994.com\/es\/#website\",\"url\":\"https:\/\/sens1994.com\/es\/\",\"name\":\"Sens 1994\",\"description\":\"Serveis empresarials Neus S\u00e1nchez\",\"potentialAction\":[{\"@type\":\"SearchAction\",\"target\":{\"@type\":\"EntryPoint\",\"urlTemplate\":\"https:\/\/sens1994.com\/es\/?s={search_term_string}\"},\"query-input\":\"required name=search_term_string\"}],\"inLanguage\":\"es\"}]}<\/script>\n<!-- \/ Yoast SEO plugin. -->","yoast_head_json":{"title":"Laboral | Sens 1994","description":"En Sens 1994 nos ocupamos de resolver los tr\u00e1mites relacionados en t\u00e9rminos de legislaci\u00f3n laboral con las mejores actuaciones posibles.","robots":{"index":"index","follow":"follow","max-snippet":"max-snippet:-1","max-image-preview":"max-image-preview:large","max-video-preview":"max-video-preview:-1"},"canonical":"https:\/\/sens1994.com\/es\/servicios\/laboral\/","og_locale":"es_ES","og_type":"article","og_title":"Laboral | Sens 1994","og_description":"En Sens 1994 nos ocupamos de resolver los tr\u00e1mites relacionados en t\u00e9rminos de legislaci\u00f3n laboral con las mejores actuaciones posibles.","og_url":"https:\/\/sens1994.com\/es\/servicios\/laboral\/","og_site_name":"Sens 1994","article_modified_time":"2023-08-02T19:44:57+00:00","og_image":[{"width":900,"height":800,"url":"https:\/\/sens1994.com\/wp-content\/uploads\/2023\/07\/Laboral.jpg","type":"image\/jpeg"}],"twitter_card":"summary_large_image","twitter_misc":{"Tiempo de lectura":"1 minuto"},"schema":{"@context":"https:\/\/schema.org","@graph":[{"@type":"WebPage","@id":"https:\/\/sens1994.com\/es\/servicios\/laboral\/","url":"https:\/\/sens1994.com\/es\/servicios\/laboral\/","name":"Laboral | Sens 1994","isPartOf":{"@id":"https:\/\/sens1994.com\/es\/#website"},"datePublished":"2023-07-05T19:38:23+00:00","dateModified":"2023-08-02T19:44:57+00:00","description":"En Sens 1994 nos ocupamos de resolver los tr\u00e1mites relacionados en t\u00e9rminos de legislaci\u00f3n laboral con las mejores actuaciones posibles.","breadcrumb":{"@id":"https:\/\/sens1994.com\/es\/servicios\/laboral\/#breadcrumb"},"inLanguage":"es","potentialAction":[{"@type":"ReadAction","target":["https:\/\/sens1994.com\/es\/servicios\/laboral\/"]}]},{"@type":"BreadcrumbList","@id":"https:\/\/sens1994.com\/es\/servicios\/laboral\/#breadcrumb","itemListElement":[{"@type":"ListItem","position":1,"name":"Inici","item":"https:\/\/sens1994.com\/es\/"},{"@type":"ListItem","position":2,"name":"Servicios","item":"https:\/\/sens1994.com\/es\/servicios\/"},{"@type":"ListItem","position":3,"name":"Laboral"}]},{"@type":"WebSite","@id":"https:\/\/sens1994.com\/es\/#website","url":"https:\/\/sens1994.com\/es\/","name":"Sens 1994","description":"Serveis empresarials Neus S\u00e1nchez","potentialAction":[{"@type":"SearchAction","target":{"@type":"EntryPoint","urlTemplate":"https:\/\/sens1994.com\/es\/?s={search_term_string}"},"query-input":"required name=search_term_string"}],"inLanguage":"es"}]}},"_links":{"self":[{"href":"https:\/\/sens1994.com\/es\/wp-json\/wp\/v2\/pages\/283","targetHints":{"allow":["GET"]}}],"collection":[{"href":"https:\/\/sens1994.com\/es\/wp-json\/wp\/v2\/pages"}],"about":[{"href":"https:\/\/sens1994.com\/es\/wp-json\/wp\/v2\/types\/page"}],"author":[{"embeddable":true,"href":"https:\/\/sens1994.com\/es\/wp-json\/wp\/v2\/users\/1"}],"replies":[{"embeddable":true,"href":"https:\/\/sens1994.com\/es\/wp-json\/wp\/v2\/comments?post=283"}],"version-history":[{"count":5,"href":"https:\/\/sens1994.com\/es\/wp-json\/wp\/v2\/pages\/283\/revisions"}],"predecessor-version":[{"id":288,"href":"https:\/\/sens1994.com\/es\/wp-json\/wp\/v2\/pages\/283\/revisions\/288"}],"up":[{"embeddable":true,"href":"https:\/\/sens1994.com\/es\/wp-json\/wp\/v2\/pages\/259"}],"wp:featuredmedia":[{"embeddable":true,"href":"https:\/\/sens1994.com\/es\/wp-json\/wp\/v2\/media\/192"}],"wp:attachment":[{"href":"https:\/\/sens1994.com\/es\/wp-json\/wp\/v2\/media?parent=283"}],"curies":[{"name":"wp","href":"https:\/\/api.w.org\/{rel}","templated":true}]}}